{"id":245509,"date":"2025-10-10T11:33:46","date_gmt":"2025-10-10T11:33:46","guid":{"rendered":"https:\/\/lifequakebook.com\/produit\/lifequake-book\/"},"modified":"2025-10-29T21:20:44","modified_gmt":"2025-10-29T21:20:44","slug":"lifequake-book","status":"publish","type":"product","link":"https:\/\/lifequakebook.com\/fr\/produit\/lifequake-book\/","title":{"rendered":"Lifequake Book"},"content":{"rendered":"<p>\u00ab On a deux vies, et la deuxi\u00e8me commence quand<br \/>\non se rend compte qu&rsquo;on n&rsquo;en a qu&rsquo;une. \u00bb Confucius<\/p>\n<p><span style=\"font-weight: 400;\">Commencer une nouvelle vie en Suisse peut ressembler \u00e0 un v\u00e9ritable conte de f\u00e9es, mais par amour, Saskia quitte une carri\u00e8re prometteuse et sa famille afin de rejoindre Markus \u00e0 Gen\u00e8ve. Tandis qu\u2019elle construit son nouveau foyer, elle s\u2019enfonce progressivement dans le monde de Markus, jusqu\u2019\u00e0 d\u00e9couvrir que sous la surface, quelque chose est en train de se fissurer. <\/span><\/p>\n<p><span style=\"font-weight: 400;\">Une maladie mentale le ronge, telle une faille invisible qui se creuse \u00e0 l&rsquo;int\u00e9rieur de lui, pr\u00eate \u00e0 tout \u00e9branler. <\/span><\/p>\n<p><span style=\"font-weight: 400;\">Inspir\u00e9 de faits r\u00e9els, Lifequake d\u00e9nonce les lacunes des syst\u00e8mes juridique et m\u00e9dical, tout en mettant en lumi\u00e8re la r\u00e9silience qui r\u00e9side en chacun de nous. C&rsquo;est une histoire de survie, de renouveau et d&rsquo;espoir.\u00a0<\/span><\/p>\n<p><span style=\"font-weight: 400;\">En partageant son parcours, Saskia tend une bou\u00e9e de sauvetage \u00e0 ceux qui luttent, leur rappelant que, m\u00eame si l&rsquo;on se sent bris\u00e9, il est possible de se reconstruire. Pers\u00e9v\u00e9rez sur le chemin le plus sombre de votre vie, ne perdez pas espoir. Un jour, vous rena\u00eetrez de votre propre histoire. <\/span><\/p>\n<span class=\"et_bloom_bottom_trigger\"><\/span>","protected":false},"excerpt":{"rendered":"<p>Format ferm\u00e9: 150 x 210 mm<br \/>\n\u00c9paisseur du document :<br \/>\n14,50 mm \u2013 papier couch\u00e9 mat 300 g<br \/>\nImpression combin\u00e9e : quadrichromie recto-verso<br \/>\nPapier offset bouffant 80 g<br \/>\nFinition : pelliculage mat sur la couverture avant<br \/>\nReliure : dos carr\u00e9 coll\u00e9<br \/>\nPoids : 270 g<br \/>\nVersion fran\u00e7aise: 200 pages int\u00e9rieur<\/p>\n<p>&nbsp;<\/p>\n","protected":false},"featured_media":245440,"template":"","meta":{"_et_pb_use_builder":"","_et_pb_old_content":"","_et_gb_content_width":""},"product_brand":[],"product_cat":[37],"product_tag":[38,39,40],"class_list":{"0":"post-245509","1":"product","2":"type-product","3":"status-publish","4":"has-post-thumbnail","6":"product_cat-book","7":"product_tag-book","8":"product_tag-life-quake","9":"product_tag-lifequake-book","11":"first","12":"instock","13":"shipping-taxable","14":"purchasable","15":"product-type-variable"},"_links":{"self":[{"href":"https:\/\/lifequakebook.com\/fr\/wp-json\/wp\/v2\/product\/245509","targetHints":{"allow":["GET"]}}],"collection":[{"href":"https:\/\/lifequakebook.com\/fr\/wp-json\/wp\/v2\/product"}],"about":[{"href":"https:\/\/lifequakebook.com\/fr\/wp-json\/wp\/v2\/types\/product"}],"wp:featuredmedia":[{"embeddable":true,"href":"https:\/\/lifequakebook.com\/fr\/wp-json\/wp\/v2\/media\/245440"}],"wp:attachment":[{"href":"https:\/\/lifequakebook.com\/fr\/wp-json\/wp\/v2\/media?parent=245509"}],"wp:term":[{"taxonomy":"product_brand","embeddable":true,"href":"https:\/\/lifequakebook.com\/fr\/wp-json\/wp\/v2\/product_brand?post=245509"},{"taxonomy":"product_cat","embeddable":true,"href":"https:\/\/lifequakebook.com\/fr\/wp-json\/wp\/v2\/product_cat?post=245509"},{"taxonomy":"product_tag","embeddable":true,"href":"https:\/\/lifequakebook.com\/fr\/wp-json\/wp\/v2\/product_tag?post=245509"}],"curies":[{"name":"wp","href":"https:\/\/api.w.org\/{rel}","templated":true}]}}